{"id":647,"date":"2025-05-27T21:27:27","date_gmt":"2025-05-27T19:27:27","guid":{"rendered":"https:\/\/www.zidovskybardejov.sk\/index.php\/contact\/"},"modified":"2026-03-16T14:33:01","modified_gmt":"2026-03-16T13:33:01","slug":"kontakt","status":"publish","type":"page","link":"https:\/\/www.zidovskybardejov.sk\/en\/kontakt\/","title":{"rendered":"Contact"},"content":{"rendered":"\t\t<div data-elementor-type=\"wp-page\" data-elementor-id=\"647\" class=\"elementor elementor-647\">\n\t\t\t\t<div class=\"elementor-element elementor-element-e26f629 e-flex e-con-boxed e-con e-parent\" data-id=\"e26f629\" data-element_type=\"container\" data-e-type=\"container\" data-settings=\"{&quot;background_background&quot;:&quot;classic&quot;}\">\n\t\t\t\t\t<div class=\"e-con-inner\">\n\t\t<div class=\"elementor-element elementor-element-706881a e-con-full e-flex e-con e-child\" data-id=\"706881a\" data-element_type=\"container\" data-e-type=\"container\">\n\t\t\t\t<div class=\"elementor-element elementor-element-47fe53a elementor-widget elementor-widget-heading\" data-id=\"47fe53a\" data-element_type=\"widget\" data-e-type=\"widget\" data-widget_type=\"heading.default\">\n\t\t\t\t<div class=\"elementor-widget-container\">\n\t\t\t\t\t<h6 class=\"elementor-heading-title elementor-size-default\">Ozvite sa<\/h6>\t\t\t\t<\/div>\n\t\t\t\t<\/div>\n\t\t\t\t<div class=\"elementor-element elementor-element-7699ce8 elementor-widget elementor-widget-heading\" data-id=\"7699ce8\" data-element_type=\"widget\" data-e-type=\"widget\" data-widget_type=\"heading.default\">\n\t\t\t\t<div class=\"elementor-widget-container\">\n\t\t\t\t\t<h2 class=\"elementor-heading-title elementor-size-default\">Kontaktujte n\u00e1s<\/h2>\t\t\t\t<\/div>\n\t\t\t\t<\/div>\n\t\t\t\t<\/div>\n\t\t\t\t\t<\/div>\n\t\t\t\t<\/div>\n\t\t\t\t<section class=\"elementor-section elementor-top-section elementor-element elementor-element-xke1cmb elementor-section-boxed elementor-section-height-default elementor-section-height-default\" data-id=\"xke1cmb\" data-element_type=\"section\" data-e-type=\"section\" data-settings=\"{&quot;background_background&quot;:&quot;classic&quot;}\">\n\t\t\t\t\t\t<div class=\"elementor-container elementor-column-gap-no\">\n\t\t\t\t\t<div class=\"elementor-column elementor-col-100 elementor-top-column elementor-element elementor-element-bbd983e\" data-id=\"bbd983e\" data-element_type=\"column\" data-e-type=\"column\">\n\t\t\t<div class=\"elementor-widget-wrap elementor-element-populated\">\n\t\t\t\t\t\t<section class=\"elementor-section elementor-inner-section elementor-element elementor-element-6db40a9 elementor-section-boxed elementor-section-height-default elementor-section-height-default\" data-id=\"6db40a9\" data-element_type=\"section\" data-e-type=\"section\">\n\t\t\t\t\t\t<div class=\"elementor-container elementor-column-gap-no\">\n\t\t\t\t\t<div class=\"elementor-column elementor-col-100 elementor-inner-column elementor-element elementor-element-0e904db\" data-id=\"0e904db\" data-element_type=\"column\" data-e-type=\"column\">\n\t\t\t<div class=\"elementor-widget-wrap elementor-element-populated\">\n\t\t\t\t\t\t<div class=\"elementor-element elementor-element-97e7a7e elementor-widget elementor-widget-heading\" data-id=\"97e7a7e\" data-element_type=\"widget\" data-e-type=\"widget\" data-widget_type=\"heading.default\">\n\t\t\t\t<div class=\"elementor-widget-container\">\n\t\t\t\t\t<h2 class=\"elementor-heading-title elementor-size-default\">Spojme sa<\/h2>\t\t\t\t<\/div>\n\t\t\t\t<\/div>\n\t\t\t\t<div class=\"elementor-element elementor-element-14635d1 elementor-widget__width-initial elementor-widget elementor-widget-text-editor\" data-id=\"14635d1\" data-element_type=\"widget\" data-e-type=\"widget\" data-widget_type=\"text-editor.default\">\n\t\t\t\t<div class=\"elementor-widget-container\">\n\t\t\t\t\t\t\t\t\t<p>Na va\u0161e spr\u00e1vy sa v\u017edy te\u0161\u00edme \u2013 \u010di u\u017e ide o ot\u00e1zku, z\u00e1ujem o spolupr\u00e1cu alebo len sp\u00e4tn\u00fa v\u00e4zbu. Ozvite sa, odpovieme \u010do najsk\u00f4r.<\/p>\t\t\t\t\t\t\t\t<\/div>\n\t\t\t\t<\/div>\n\t\t\t\t\t<\/div>\n\t\t<\/div>\n\t\t\t\t\t<\/div>\n\t\t<\/section>\n\t\t\t\t<section class=\"elementor-section elementor-inner-section elementor-element elementor-element-1556b72 elementor-section-content-middle elementor-section-boxed elementor-section-height-default elementor-section-height-default\" data-id=\"1556b72\" data-element_type=\"section\" data-e-type=\"section\">\n\t\t\t\t\t\t<div class=\"elementor-container elementor-column-gap-no\">\n\t\t\t\t\t<div class=\"elementor-column elementor-col-50 elementor-inner-column elementor-element elementor-element-c0c3a18\" data-id=\"c0c3a18\" data-element_type=\"column\" data-e-type=\"column\" data-settings=\"{&quot;background_background&quot;:&quot;classic&quot;}\">\n\t\t\t<div class=\"elementor-widget-wrap elementor-element-populated\">\n\t\t\t\t\t\t<div class=\"elementor-element elementor-element-9556d0f elementor-widget elementor-widget-heading\" data-id=\"9556d0f\" data-element_type=\"widget\" data-e-type=\"widget\" data-widget_type=\"heading.default\">\n\t\t\t\t<div class=\"elementor-widget-container\">\n\t\t\t\t\t<h3 class=\"elementor-heading-title elementor-size-default\">S\u00eddlo organiz\u00e1cie<\/h3>\t\t\t\t<\/div>\n\t\t\t\t<\/div>\n\t\t\t\t<div class=\"elementor-element elementor-element-8b10c75 elementor-widget elementor-widget-heading\" data-id=\"8b10c75\" data-element_type=\"widget\" data-e-type=\"widget\" data-widget_type=\"heading.default\">\n\t\t\t\t<div class=\"elementor-widget-container\">\n\t\t\t\t\t<div class=\"elementor-heading-title elementor-size-default\">Fond \u017didovsk\u00e9ho Dedi\u010dstva v Bardejove n.o.\n<\/div>\t\t\t\t<\/div>\n\t\t\t\t<\/div>\n\t\t\t\t<div class=\"elementor-element elementor-element-777be0e elementor-widget elementor-widget-text-editor\" data-id=\"777be0e\" data-element_type=\"widget\" data-e-type=\"widget\" data-widget_type=\"text-editor.default\">\n\t\t\t\t<div class=\"elementor-widget-container\">\n\t\t\t\t\t\t\t\t\t<p>Timonova 3457\/4B<span class=\"Apple-converted-space\">\u00a0<br \/><\/span>04001 Ko\u0161ice &#8211; Star\u00e9 Mesto<br \/><span style=\"font-size: 16px;\">I\u010cO:50371550<br \/><\/span>DI\u010c:2120544778<\/p>\t\t\t\t\t\t\t\t<\/div>\n\t\t\t\t<\/div>\n\t\t\t\t<div class=\"elementor-element elementor-element-f462998 elementor-widget elementor-widget-heading\" data-id=\"f462998\" data-element_type=\"widget\" data-e-type=\"widget\" data-widget_type=\"heading.default\">\n\t\t\t\t<div class=\"elementor-widget-container\">\n\t\t\t\t\t<h3 class=\"elementor-heading-title elementor-size-default\">T\u00edm<\/h3>\t\t\t\t<\/div>\n\t\t\t\t<\/div>\n\t\t\t\t<div class=\"elementor-element elementor-element-e6465a6 elementor-position-top elementor-widget elementor-widget-image-box\" data-id=\"e6465a6\" data-element_type=\"widget\" data-e-type=\"widget\" data-widget_type=\"image-box.default\">\n\t\t\t\t<div class=\"elementor-widget-container\">\n\t\t\t\t\t<div class=\"elementor-image-box-wrapper\"><figure class=\"elementor-image-box-img\"><img decoding=\"async\" src=\"https:\/\/www.zidovskybardejov.sk\/wp-content\/uploads\/elementor\/thumbs\/Pavel-Steiner-r6uyi4z4y4ruymqc75qwh94ui4psuzfw07kn6qh5se.jpg\" title=\"Pavel-Steiner\" alt=\"Pavel-Steiner\" loading=\"lazy\" \/><\/figure><div class=\"elementor-image-box-content\"><h5 class=\"elementor-image-box-title\">JUDr. Pavel \u0160teiner<\/h5><p class=\"elementor-image-box-description\">V\u00fdkonn\u00fd riadite\u013e, pr\u00e1vny z\u00e1stupca\u2028<\/p><\/div><\/div>\t\t\t\t<\/div>\n\t\t\t\t<\/div>\n\t\t\t\t<div class=\"elementor-element elementor-element-7cad1bf elementor-widget elementor-widget-text-editor\" data-id=\"7cad1bf\" data-element_type=\"widget\" data-e-type=\"widget\" data-widget_type=\"text-editor.default\">\n\t\t\t\t<div class=\"elementor-widget-container\">\n\t\t\t\t\t\t\t\t\t<p>Zast\u00e1va funkciu v\u00fdkonn\u00e9ho riadite\u013ea na\u0161ej neziskovej organiz\u00e1cie a z\u00e1rove\u0148 p\u00f4sob\u00ed ako pr\u00e1vny poradca.<\/p>\t\t\t\t\t\t\t\t<\/div>\n\t\t\t\t<\/div>\n\t\t\t\t<div class=\"elementor-element elementor-element-eaf3e39 elementor-widget elementor-widget-text-editor\" data-id=\"eaf3e39\" data-element_type=\"widget\" data-e-type=\"widget\" data-widget_type=\"text-editor.default\">\n\t\t\t\t<div class=\"elementor-widget-container\">\n\t\t\t\t\t\t\t\t\t<p><b>Kontakt:<br \/><\/b><a href=\"mailto:steiner@bardejov.org\">steiner@bardejov.org<\/a><\/p>\t\t\t\t\t\t\t\t<\/div>\n\t\t\t\t<\/div>\n\t\t\t\t\t<\/div>\n\t\t<\/div>\n\t\t\t\t<div class=\"elementor-column elementor-col-50 elementor-inner-column elementor-element elementor-element-d9811b0\" data-id=\"d9811b0\" data-element_type=\"column\" data-e-type=\"column\" data-settings=\"{&quot;background_background&quot;:&quot;classic&quot;}\">\n\t\t\t<div class=\"elementor-widget-wrap elementor-element-populated\">\n\t\t\t\t\t\t<div class=\"elementor-element elementor-element-1779be2 elementor-widget elementor-widget-heading\" data-id=\"1779be2\" data-element_type=\"widget\" data-e-type=\"widget\" data-widget_type=\"heading.default\">\n\t\t\t\t<div class=\"elementor-widget-container\">\n\t\t\t\t\t<h3 class=\"elementor-heading-title elementor-size-default\"> S\u00eddlo \u017didovsk\u00e9 suburbium Bardejov<\/h3>\t\t\t\t<\/div>\n\t\t\t\t<\/div>\n\t\t\t\t<div class=\"elementor-element elementor-element-751a8ac elementor-widget elementor-widget-text-editor\" data-id=\"751a8ac\" data-element_type=\"widget\" data-e-type=\"widget\" data-widget_type=\"text-editor.default\">\n\t\t\t\t<div class=\"elementor-widget-container\">\n\t\t\t\t\t\t\t\t\t<p>Mlynsk\u00e1 2777,<span class=\"Apple-converted-space\">\u00a0<br \/><\/span>085 01 Bardejov<\/p>\t\t\t\t\t\t\t\t<\/div>\n\t\t\t\t<\/div>\n\t\t\t\t<div class=\"elementor-element elementor-element-d35eb31 elementor-position-top elementor-widget elementor-widget-image-box\" data-id=\"d35eb31\" data-element_type=\"widget\" data-e-type=\"widget\" data-widget_type=\"image-box.default\">\n\t\t\t\t<div class=\"elementor-widget-container\">\n\t\t\t\t\t<div class=\"elementor-image-box-wrapper\"><figure class=\"elementor-image-box-img\"><img decoding=\"async\" src=\"https:\/\/www.zidovskybardejov.sk\/wp-content\/uploads\/elementor\/thumbs\/testimonial-3-r6tlluny5j2ojrn919ky0getr0xzwt85blnmq0gya6.jpg\" title=\"testimonial-3.jpg\" alt=\"testimonial-3.jpg\" loading=\"lazy\" \/><\/figure><div class=\"elementor-image-box-content\"><h5 class=\"elementor-image-box-title\">Mgr. \u013duboslava Ma\u010dejov\u00e1, DiS.art.<\/h5><p class=\"elementor-image-box-description\">Sprievodky\u0148a a\u00a0programov\u00e1 mana\u017e\u00e9rka\u2028<\/p><\/div><\/div>\t\t\t\t<\/div>\n\t\t\t\t<\/div>\n\t\t\t\t<div class=\"elementor-element elementor-element-f2f97d7 elementor-widget elementor-widget-text-editor\" data-id=\"f2f97d7\" data-element_type=\"widget\" data-e-type=\"widget\" data-widget_type=\"text-editor.default\">\n\t\t\t\t<div class=\"elementor-widget-container\">\n\t\t\t\t\t\t\t\t\t<p>Dlhodobo sa venuje sprievodcovskej \u010dinnosti a populariz\u00e1cii \u017eidovskej hist\u00f3rie Bardejova. N\u00e1v\u0161tevn\u00edkom poskytuje odborn\u00fd v\u00fdklad v historickom \u017eidovskom Suburbium a na cintor\u00edne. Z\u00e1rove\u0148 sa spolupodie\u013ea na tvorbe vzdel\u00e1vac\u00edch a kult\u00farnych programov v priestoroch \u017eidovsk\u00e9ho Suburbia.<\/p>\t\t\t\t\t\t\t\t<\/div>\n\t\t\t\t<\/div>\n\t\t\t\t<div class=\"elementor-element elementor-element-fd4dd3f elementor-widget elementor-widget-text-editor\" data-id=\"fd4dd3f\" data-element_type=\"widget\" data-e-type=\"widget\" data-widget_type=\"text-editor.default\">\n\t\t\t\t<div class=\"elementor-widget-container\">\n\t\t\t\t\t\t\t\t\t<p><b>Kontakt:<\/b><br \/><a href=\"mailto:luboslava@bardejov.org\">luboslava@bardejov.org<\/a><br \/>+421 949 324\u00a0664<\/p>\t\t\t\t\t\t\t\t<\/div>\n\t\t\t\t<\/div>\n\t\t\t\t\t<\/div>\n\t\t<\/div>\n\t\t\t\t\t<\/div>\n\t\t<\/section>\n\t\t\t\t\t<\/div>\n\t\t<\/div>\n\t\t\t\t\t<\/div>\n\t\t<\/section>\n\t\t<div class=\"elementor-element elementor-element-17326a3 e-flex e-con-boxed e-con e-parent\" data-id=\"17326a3\" data-element_type=\"container\" data-e-type=\"container\" data-settings=\"{&quot;background_background&quot;:&quot;classic&quot;}\">\n\t\t\t\t\t<div class=\"e-con-inner\">\n\t\t<div class=\"elementor-element elementor-element-194bddc e-con-full e-flex e-con e-child\" data-id=\"194bddc\" data-element_type=\"container\" data-e-type=\"container\">\n\t\t\t\t<div class=\"elementor-element elementor-element-a13c0e3 elementor-widget-divider--view-line elementor-widget elementor-widget-divider\" data-id=\"a13c0e3\" data-element_type=\"widget\" data-e-type=\"widget\" data-widget_type=\"divider.default\">\n\t\t\t\t<div class=\"elementor-widget-container\">\n\t\t\t\t\t\t\t<div class=\"elementor-divider\">\n\t\t\t<span class=\"elementor-divider-separator\">\n\t\t\t\t\t\t<\/span>\n\t\t<\/div>\n\t\t\t\t\t\t<\/div>\n\t\t\t\t<\/div>\n\t\t\t\t<div class=\"elementor-element elementor-element-1a31894 elementor-widget elementor-widget-heading\" data-id=\"1a31894\" data-element_type=\"widget\" data-e-type=\"widget\" data-widget_type=\"heading.default\">\n\t\t\t\t<div class=\"elementor-widget-container\">\n\t\t\t\t\t<h4 class=\"elementor-heading-title elementor-size-default\">Dohodnite si stretnutie<\/h4>\t\t\t\t<\/div>\n\t\t\t\t<\/div>\n\t\t\t\t<div class=\"elementor-element elementor-element-362a7ef elementor-widget elementor-widget-html\" data-id=\"362a7ef\" data-element_type=\"widget\" data-e-type=\"widget\" data-widget_type=\"html.default\">\n\t\t\t\t<div class=\"elementor-widget-container\">\n\t\t\t\t\t<!-- ============================================\n     KONTAKTN\u00dd FORMUL\u00c1R \u2013 \u017didovsk\u00fd Bardejov\n     Web3Forms \u2013 bez pluginov, bez SMTP\n     \n     AK CHCE\u0160 ZMENI\u0164 EMAIL:\n     Zme\u0148 len tento riadok ni\u017e\u0161ie:\n     <input type=\"hidden\" name=\"email\" value=\"luboslava@bardejov.org\">\n     ============================================ -->\n\n<style>\n  .zb-form-wrap {\n    font-family: 'Inter', sans-serif;\n  }\n\n  .zb-form-wrap .zb-field {\n    margin-bottom: 16px;\n  }\n\n  .zb-form-wrap label {\n    display: block;\n    font-size: 14px;\n    font-weight: 400;\n    color: #364151;\n    margin-bottom: 6px;\n  }\n\n  .zb-form-wrap input[type=\"text\"],\n  .zb-form-wrap input[type=\"email\"],\n  .zb-form-wrap textarea {\n    width: 100%;\n    padding: 12px 14px;\n    font-size: 15px;\n    font-family: 'Inter', sans-serif;\n    color: #364151;\n    background: #ffffff;\n    border: 1px solid #D1DAE5;\n    border-radius: 3px;\n    box-sizing: border-box;\n    transition: border-color 0.2s;\n    outline: none;\n  }\n\n  .zb-form-wrap input[type=\"text\"]:focus,\n  .zb-form-wrap input[type=\"email\"]:focus,\n  .zb-form-wrap textarea:focus {\n    border-color: #9D7C4F;\n  }\n\n  .zb-form-wrap textarea {\n    min-height: 140px;\n    resize: vertical;\n  }\n\n  .zb-form-wrap .zb-required {\n    color: #9D7C4F;\n    margin-left: 2px;\n  }\n\n  .zb-form-wrap button[type=\"submit\"] {\n    background: #364151;\n    color: #ffffff;\n    border: none;\n    padding: 12px 28px;\n    font-size: 12px;\n    font-family: 'Inter', sans-serif;\n    font-weight: 600;\n    letter-spacing: 2px;\n    text-transform: uppercase;\n    border-radius: 3px;\n    cursor: pointer;\n    transition: background 0.2s;\n    display: inline-flex;\n    align-items: center;\n    gap: 8px;\n  }\n\n  .zb-form-wrap button[type=\"submit\"]:hover {\n    background: #9D7C4F;\n  }\n\n  .zb-form-wrap button[type=\"submit\"]:disabled {\n    opacity: 0.6;\n    cursor: not-allowed;\n  }\n\n  .zb-msg {\n    display: none;\n    padding: 14px 18px;\n    border-radius: 3px;\n    font-size: 14px;\n    margin-bottom: 16px;\n  }\n\n  .zb-msg.success {\n    background: #e8f5e9;\n    color: #2e7d32;\n    border: 1px solid #a5d6a7;\n  }\n\n  .zb-msg.error {\n    background: #fdecea;\n    color: #c62828;\n    border: 1px solid #ef9a9a;\n  }\n\n  .zb-spinner {\n    width: 16px;\n    height: 16px;\n    border: 2px solid rgba(255,255,255,0.4);\n    border-top-color: #fff;\n    border-radius: 50%;\n    animation: zb-spin 0.7s linear infinite;\n    display: none;\n  }\n\n  @keyframes zb-spin {\n    to { transform: rotate(360deg); }\n  }\n<\/style>\n\n<div class=\"zb-form-wrap\">\n\n  <div class=\"zb-msg\" id=\"zb-success\">\n    \u2713 Spr\u00e1va bola \u00faspe\u0161ne odoslan\u00e1. Ozveme sa v\u00e1m \u010doskoro.\n  <\/div>\n  <div class=\"zb-msg\" id=\"zb-error\">\n    Nastala chyba. Sk\u00faste to pros\u00edm znova alebo n\u00e1s kontaktujte telefonicky.\n  <\/div>\n\n  <form id=\"zb-contact-form\">\n\n    <!-- \u2709\ufe0f ZMENA EMAILU: zme\u0148 value ni\u017e\u0161ie -->\n    <input type=\"hidden\" name=\"access_key\" value=\"556ba4e5-6b14-401f-b4d6-d72795dc4966\">\n    <input type=\"hidden\" name=\"subject\" value=\"Kontaktn\u00fd formul\u00e1r \u2013 \u017didovsk\u00fd Bardejov\">\n    <input type=\"hidden\" name=\"from_name\" value=\"\u017didovsk\u00fd Bardejov \u2013 web\">\n    <input type=\"hidden\" name=\"redirect\" value=\"false\">\n    <input type=\"checkbox\" name=\"botcheck\" style=\"display:none;\">\n\n    <div class=\"zb-field\">\n      <label for=\"zb-meno\">Meno<\/label>\n      <input type=\"text\" id=\"zb-meno\" name=\"name\" placeholder=\"\">\n    <\/div>\n\n    <div class=\"zb-field\">\n      <label for=\"zb-email\">Email <span class=\"zb-required\">*<\/span><\/label>\n      <input type=\"email\" id=\"zb-email\" name=\"email\" required>\n    <\/div>\n\n    <div class=\"zb-field\">\n      <label for=\"zb-sprava\">Spr\u00e1va <span class=\"zb-required\">*<\/span><\/label>\n      <textarea id=\"zb-sprava\" name=\"message\" required><\/textarea>\n    <\/div>\n\n    <button type=\"submit\" id=\"zb-btn\">\n      <span id=\"zb-btn-text\">Odosla\u0165<\/span>\n      <span class=\"zb-spinner\" id=\"zb-spinner\"><\/span>\n    <\/button>\n\n  <\/form>\n<\/div>\n\n<script>\n  document.getElementById('zb-contact-form').addEventListener('submit', async function(e) {\n    e.preventDefault();\n\n    var btn = document.getElementById('zb-btn');\n    var btnText = document.getElementById('zb-btn-text');\n    var spinner = document.getElementById('zb-spinner');\n    var successMsg = document.getElementById('zb-success');\n    var errorMsg = document.getElementById('zb-error');\n\n    btn.disabled = true;\n    btnText.textContent = 'Odosiela...';\n    spinner.style.display = 'block';\n    successMsg.style.display = 'none';\n    errorMsg.style.display = 'none';\n\n    try {\n      var formData = new FormData(this);\n      var response = await fetch('https:\/\/api.web3forms.com\/submit', {\n        method: 'POST',\n        body: formData\n      });\n      var data = await response.json();\n\n      if (data.success) {\n        successMsg.style.display = 'block';\n        this.reset();\n      } else {\n        errorMsg.style.display = 'block';\n      }\n    } catch (err) {\n      errorMsg.style.display = 'block';\n    }\n\n    btn.disabled = false;\n    btnText.textContent = 'Odosla\u0165';\n    spinner.style.display = 'none';\n  });\n<\/script>\t\t\t\t<\/div>\n\t\t\t\t<\/div>\n\t\t\t\t<\/div>\n\t\t\t\t\t<\/div>\n\t\t\t\t<\/div>\n\t\t<div class=\"elementor-element elementor-element-d63d383 e-con-full e-flex e-con e-parent\" data-id=\"d63d383\" data-element_type=\"container\" data-e-type=\"container\">\n\t\t<div class=\"elementor-element elementor-element-17b7d40 e-con-full e-flex e-con e-child\" data-id=\"17b7d40\" data-element_type=\"container\" data-e-type=\"container\">\n\t\t\t\t<div class=\"elementor-element elementor-element-326413e elementor-widget elementor-widget-google_maps\" data-id=\"326413e\" data-element_type=\"widget\" data-e-type=\"widget\" data-widget_type=\"google_maps.default\">\n\t\t\t\t<div class=\"elementor-widget-container\">\n\t\t\t\t\t\t\t<div class=\"elementor-custom-embed\">\n\t\t\t<iframe loading=\"lazy\"\n\t\t\t\t\tsrc=\"https:\/\/maps.google.com\/maps?q=Suburbium%2C%20Bardejov&#038;t=m&#038;z=14&#038;output=embed&#038;iwloc=near\"\n\t\t\t\t\ttitle=\"Suburbium, Bardejov\"\n\t\t\t\t\taria-label=\"Suburbium, Bardejov\"\n\t\t\t><\/iframe>\n\t\t<\/div>\n\t\t\t\t\t\t<\/div>\n\t\t\t\t<\/div>\n\t\t\t\t<\/div>\n\t\t\t\t<\/div>\n\t\t\t\t<\/div>\n\t\t","protected":false},"excerpt":{"rendered":"<p>Ozvite sa Kontaktujte n\u00e1s Spojme sa Na va\u0161e spr\u00e1vy sa v\u017edy te\u0161\u00edme \u2013 \u010di u\u017e ide o ot\u00e1zku, z\u00e1ujem o spolupr\u00e1cu alebo len sp\u00e4tn\u00fa v\u00e4zbu. Ozvite sa, odpovieme \u010do najsk\u00f4r. S\u00eddlo organiz\u00e1cie Fond \u017didovsk\u00e9ho Dedi\u010dstva v Bardejove n.o. Timonova 3457\/4B\u00a004001 Ko\u0161ice &#8211; Star\u00e9 MestoI\u010cO:50371550DI\u010c:2120544778 T\u00edm JUDr. Pavel \u0160teiner V\u00fdkonn\u00fd riadite\u013e, pr\u00e1vny z\u00e1stupca\u2028 Zast\u00e1va funkciu v\u00fdkonn\u00e9ho [&hellip;]<\/p>\n","protected":false},"author":1,"featured_media":0,"parent":0,"menu_order":0,"comment_status":"closed","ping_status":"closed","template":"","meta":{"site-sidebar-layout":"no-sidebar","site-content-layout":"page-builder","ast-site-content-layout":"full-width-container","site-content-style":"unboxed","site-sidebar-style":"unboxed","ast-global-header-display":"","ast-banner-title-visibility":"","ast-main-header-display":"","ast-hfb-above-header-display":"","ast-hfb-below-header-display":"","ast-hfb-mobile-header-display":"","site-post-title":"disabled","ast-breadcrumbs-content":"disabled","ast-featured-img":"disabled","footer-sml-layout":"","theme-transparent-header-meta":"enabled","adv-header-id-meta":"","stick-header-meta":"","header-above-stick-meta":"","header-main-stick-meta":"","header-below-stick-meta":"","astra-migrate-meta-layouts":"set","ast-page-background-enabled":"default","ast-page-background-meta":{"desktop":{"background-color":"var(--ast-global-color-4)","background-image":"","background-repeat":"repeat","background-position":"center center","background-size":"auto","background-attachment":"scroll","background-type":"","background-media":"","overlay-type":"","overlay-color":"","overlay-opacity":"","overlay-gradient":""},"tablet":{"background-color":"","background-image":"","background-repeat":"repeat","background-position":"center center","background-size":"auto","background-attachment":"scroll","background-type":"","background-media":"","overlay-type":"","overlay-color":"","overlay-opacity":"","overlay-gradient":""},"mobile":{"background-color":"","background-image":"","background-repeat":"repeat","background-position":"center center","background-size":"auto","background-attachment":"scroll","background-type":"","background-media":"","overlay-type":"","overlay-color":"","overlay-opacity":"","overlay-gradient":""}},"ast-content-background-meta":{"desktop":{"background-color":"var(--ast-global-color-5)","background-image":"","background-repeat":"repeat","background-position":"center center","background-size":"auto","background-attachment":"scroll","background-type":"","background-media":"","overlay-type":"","overlay-color":"","overlay-opacity":"","overlay-gradient":""},"tablet":{"background-color":"var(--ast-global-color-5)","background-image":"","background-repeat":"repeat","background-position":"center center","background-size":"auto","background-attachment":"scroll","background-type":"","background-media":"","overlay-type":"","overlay-color":"","overlay-opacity":"","overlay-gradient":""},"mobile":{"background-color":"var(--ast-global-color-5)","background-image":"","background-repeat":"repeat","background-position":"center center","background-size":"auto","background-attachment":"scroll","background-type":"","background-media":"","overlay-type":"","overlay-color":"","overlay-opacity":"","overlay-gradient":""}},"footnotes":""},"class_list":["post-647","page","type-page","status-publish","hentry"],"_links":{"self":[{"href":"https:\/\/www.zidovskybardejov.sk\/en\/wp-json\/wp\/v2\/pages\/647","targetHints":{"allow":["GET"]}}],"collection":[{"href":"https:\/\/www.zidovskybardejov.sk\/en\/wp-json\/wp\/v2\/pages"}],"about":[{"href":"https:\/\/www.zidovskybardejov.sk\/en\/wp-json\/wp\/v2\/types\/page"}],"author":[{"embeddable":true,"href":"https:\/\/www.zidovskybardejov.sk\/en\/wp-json\/wp\/v2\/users\/1"}],"replies":[{"embeddable":true,"href":"https:\/\/www.zidovskybardejov.sk\/en\/wp-json\/wp\/v2\/comments?post=647"}],"version-history":[{"count":38,"href":"https:\/\/www.zidovskybardejov.sk\/en\/wp-json\/wp\/v2\/pages\/647\/revisions"}],"predecessor-version":[{"id":2516,"href":"https:\/\/www.zidovskybardejov.sk\/en\/wp-json\/wp\/v2\/pages\/647\/revisions\/2516"}],"wp:attachment":[{"href":"https:\/\/www.zidovskybardejov.sk\/en\/wp-json\/wp\/v2\/media?parent=647"}],"curies":[{"name":"wp","href":"https:\/\/api.w.org\/{rel}","templated":true}]}}